{"id":19,"date":"2022-12-28T22:04:01","date_gmt":"2022-12-28T21:04:01","guid":{"rendered":"https:\/\/faser-laser.ch\/?page_id=19"},"modified":"2022-12-28T22:04:01","modified_gmt":"2022-12-28T21:04:01","slug":"wie-benutzt-man-einen-faser-laser","status":"publish","type":"page","link":"https:\/\/faser-laser.ch\/?page_id=19","title":{"rendered":"Wie benutzt man einen Faser Laser"},"content":{"rendered":"\n<p>Der Einsatz von Faserlasern ist in vielen Bereichen m\u00f6glich und h\u00e4ngt von den spezifischen Anforderungen und Eigenschaften des Faserlasersystems ab. Im Allgemeinen gibt es jedoch einige Schritte, die bei der Verwendung von Faserlasern zu beachten sind.<\/p>\n\n\n\n<figure class=\"wp-block-image size-large\"><a href=\"https:\/\/livestrip.com\/girlinfo\/LiaEngel?ADR=wp107e97dc\" target=\"_blank\" rel=\"noreferrer noopener\"><img loading=\"lazy\" decoding=\"async\" width=\"1024\" height=\"768\" src=\"https:\/\/faser-laser.ch\/wp-content\/uploads\/2022\/12\/LiaEngel-2-1024x768.png\" alt=\"\" class=\"wp-image-25\" srcset=\"https:\/\/faser-laser.ch\/wp-content\/uploads\/2022\/12\/LiaEngel-2-1024x768.png 1024w, https:\/\/faser-laser.ch\/wp-content\/uploads\/2022\/12\/LiaEngel-2-300x225.png 300w, https:\/\/faser-laser.ch\/wp-content\/uploads\/2022\/12\/LiaEngel-2-768x576.png 768w, https:\/\/faser-laser.ch\/wp-content\/uploads\/2022\/12\/LiaEngel-2.png 1280w\" sizes=\"auto, (max-width: 1024px) 100vw, 1024px\" \/><\/a><\/figure>\n\n\n\n<ol class=\"wp-block-list\">\n<li>Vor der Verwendung des Faserlasers sollten alle Sicherheitsvorkehrungen getroffen werden. Dazu geh\u00f6rt beispielsweise das Tragen von Schutzbekleidung und Schutzbrillen, um die Augen vor der Laserstrahlung zu sch\u00fctzen.<\/li>\n\n\n\n<li>Das Faserlasersystem muss aufgestellt und entsprechend der Anleitung installiert werden. Dabei ist es wichtig, dass alle Kabel und Stecker richtig angeschlossen werden und das System stabil und sicher aufgestellt ist.<\/li>\n\n\n\n<li>Das Faserlasersystem muss entsprechend der Anleitung eingeschaltet und kalibriert werden. Dazu geh\u00f6rt beispielsweise die Einstellung der Laserleistung und der Fokussierung.<\/li>\n\n\n\n<li>Sobald das Faserlasersystem betriebsbereit ist, kann es zur Materialbearbeitung oder zu anderen Anwendungen verwendet werden. Dabei ist es wichtig, dass der Faserlaser sorgf\u00e4ltig gesteuert wird, um eine pr\u00e4zise und sichere Anwendung zu gew\u00e4hrleisten.<\/li>\n\n\n\n<li>Nach der Verwendung des Faserlasers sollte das System entsprechend der Anleitung ausgeschaltet und gepflegt werden. Dazu geh\u00f6rt beispielsweise das Reinigen der Optik und das \u00dcberpr\u00fcfen der Funktionst\u00fcchtigkeit des Systems.<\/li>\n<\/ol>\n\n\n\n<p>Es ist wichtig zu beachten, dass der Umgang mit Faserlasern eine hohe Verantwortung erfordert und entsprechendes Fachwissen und Erfahrung voraussetzt. Es empfiehlt sich daher, sich von qualifiziertem Personal oder Experten beraten zu lassen, bevor man einen Faserlaser verwendet.<\/p>\n\n\n\n<p>Es gibt noch einige weitere Aspekte, die bei der Verwendung von Faserlasern von Bedeutung sind. Einer davon ist die Wahl des geeigneten Werkstoffes f\u00fcr die Materialbearbeitung. Faserlaser sind in der Lage, eine Vielzahl von Werkstoffen zu bearbeiten, darunter Metalle, Kunststoffe, Glas und sogar biologische Materialien wie Gewebe oder Zellen. Allerdings gibt es Unterschiede in der Bearbeitbarkeit und der Qualit\u00e4t der bearbeiteten Oberfl\u00e4che, die von den Eigenschaften des Werkstoffs abh\u00e4ngen. Es empfiehlt sich daher, sich im Vorfeld \u00fcber die Eigenschaften des zu bearbeitenden Werkstoffs zu informieren und gegebenenfalls Testbearbeitungen durchzuf\u00fchren, um die optimale Einstellung der Laserparameter zu ermitteln.<\/p>\n\n\n\n<p>Ein weiterer wichtiger Aspekt bei der Verwendung von Faserlasern ist die Wahl der geeigneten Optik und Fokussierung. Faserlaser k\u00f6nnen entweder direkt auf das zu bearbeitende Material gerichtet werden oder mittels Spiegel oder optischen Systemen geb\u00fcndelt werden. Die Wahl der geeigneten Optik h\u00e4ngt von der Anwendung und den spezifischen Anforderungen ab. Auch die Fokussierung spielt eine wichtige Rolle, da sie die Qualit\u00e4t und Pr\u00e4zision der Bearbeitung beeinflusst.<\/p>\n\n\n\n<p>Es gibt auch spezielle Anwendungen, bei denen Faserlaser zusammen mit anderen Technologien eingesetzt werden. Beispielsweise gibt es Faserlaser, die mit 3D-Druckern kombiniert werden, um pr\u00e4zise und schnelle Fertigung von Prototypen oder komplexen Bauteilen zu erm\u00f6glichen. Auch die Kombination von Faserlasern mit Roboterarmen oder anderen Automatisierungstechnologien ist m\u00f6glich und kann f\u00fcr die Industrie von gro\u00dfem Nutzen sein.<\/p>\n\n\n\n<p>Insgesamt gibt es also viele Aspekte, die bei der Verwendung von Faserlasern zu beachten sind. Durch sorgf\u00e4ltige Planung und das Ber\u00fccksichtigen von Faktoren wie Werkstoff, Optik und Fokussierung kann man die Leistungsf\u00e4higkeit und Qualit\u00e4t der Materialbearbeitung optimieren und erfolgreich mit Faserlasern arbeiten.<\/p>\n","protected":false},"excerpt":{"rendered":"<p>Der Einsatz von Faserlasern ist in vielen Bereichen m\u00f6glich und h\u00e4ngt von den spezifischen Anforderungen und Eigenschaften des Faserlasersystems ab. Im Allgemeinen gibt es jedoch einige Schritte, die bei der Verwendung von Faserlasern zu beachten sind. Es ist wichtig zu beachten, dass der Umgang mit Faserlasern eine hohe Verantwortung erfordert und entsprechendes Fachwissen und Erfahrung [&hellip;]<\/p>\n","protected":false},"author":1,"featured_media":0,"parent":0,"menu_order":0,"comment_status":"closed","ping_status":"closed","template":"","meta":{"footnotes":""},"class_list":["post-19","page","type-page","status-publish","hentry"],"_links":{"self":[{"href":"https:\/\/faser-laser.ch\/index.php?rest_route=\/wp\/v2\/pages\/19","targetHints":{"allow":["GET"]}}],"collection":[{"href":"https:\/\/faser-laser.ch\/index.php?rest_route=\/wp\/v2\/pages"}],"about":[{"href":"https:\/\/faser-laser.ch\/index.php?rest_route=\/wp\/v2\/types\/page"}],"author":[{"embeddable":true,"href":"https:\/\/faser-laser.ch\/index.php?rest_route=\/wp\/v2\/users\/1"}],"replies":[{"embeddable":true,"href":"https:\/\/faser-laser.ch\/index.php?rest_route=%2Fwp%2Fv2%2Fcomments&post=19"}],"version-history":[{"count":0,"href":"https:\/\/faser-laser.ch\/index.php?rest_route=\/wp\/v2\/pages\/19\/revisions"}],"wp:attachment":[{"href":"https:\/\/faser-laser.ch\/index.php?rest_route=%2Fwp%2Fv2%2Fmedia&parent=19"}],"curies":[{"name":"wp","href":"https:\/\/api.w.org\/{rel}","templated":true}]}}